{"id":1359,"date":"2025-09-01T12:50:38","date_gmt":"2025-09-01T12:50:38","guid":{"rendered":"https:\/\/www.funding.smartvote.ch\/?page_id=1359"},"modified":"2025-11-27T09:51:44","modified_gmt":"2025-11-27T09:51:44","slug":"smartvote-crowdfunding","status":"publish","type":"page","link":"https:\/\/www.funding.smartvote.ch\/?lang=fr","title":{"rendered":"Crowdfunding &#8211; Fran\u00e7ais"},"content":{"rendered":"\t\t<div data-elementor-type=\"wp-page\" data-elementor-id=\"1359\" class=\"elementor elementor-1359\" data-elementor-post-type=\"page\">\n\t\t\t\t\t\t<section class=\"elementor-section elementor-top-section elementor-element elementor-element-a5833ad elementor-section-boxed elementor-section-height-default elementor-section-height-default\" data-id=\"a5833ad\" data-element_type=\"section\" data-e-type=\"section\" data-settings=\"{&quot;background_background&quot;:&quot;classic&quot;}\">\n\t\t\t\t\t\t<div class=\"elementor-container elementor-column-gap-default\">\n\t\t\t\t\t<div class=\"elementor-column elementor-col-100 elementor-top-column elementor-element elementor-element-8980a61\" data-id=\"8980a61\" data-element_type=\"column\" data-e-type=\"column\">\n\t\t\t<div class=\"elementor-widget-wrap elementor-element-populated\">\n\t\t\t\t\t\t<section class=\"elementor-section elementor-inner-section elementor-element elementor-element-3f372b9 elementor-section-boxed elementor-section-height-default elementor-section-height-default\" data-id=\"3f372b9\" data-element_type=\"section\" data-e-type=\"section\">\n\t\t\t\t\t\t<div class=\"elementor-container elementor-column-gap-default\">\n\t\t\t\t\t<div class=\"elementor-column elementor-col-50 elementor-inner-column elementor-element elementor-element-3714150\" data-id=\"3714150\" data-element_type=\"column\" data-e-type=\"column\">\n\t\t\t<div class=\"elementor-widget-wrap elementor-element-populated\">\n\t\t\t\t\t\t<div class=\"elementor-element elementor-element-050e1d6 elementor-widget elementor-widget-heading\" data-id=\"050e1d6\" data-element_type=\"widget\" data-e-type=\"widget\" data-widget_type=\"heading.default\">\n\t\t\t\t<div class=\"elementor-widget-container\">\n\t\t\t\t\t<div class=\"elementor-heading-title elementor-size-default\"><a href=\"https:\/\/www.smartvote.ch\/fr\/home?locale=fr_CH\"><u>Cliquez ici pour acc\u00e9der au site web smartvote<\/u><\/a><\/div>\t\t\t\t<\/div>\n\t\t\t\t<\/div>\n\t\t\t\t\t<\/div>\n\t\t<\/div>\n\t\t\t\t<div class=\"elementor-column elementor-col-50 elementor-inner-column elementor-element elementor-element-c22c174\" data-id=\"c22c174\" data-element_type=\"column\" data-e-type=\"column\">\n\t\t\t<div class=\"elementor-widget-wrap elementor-element-populated\">\n\t\t\t\t\t\t<div style=\"--langs:1\" class=\"elementor-element elementor-element-58fec7e cpel-switcher--layout-dropdown cpel-switcher--align-right cpel-switcher--drop-on-click cpel-switcher--drop-to-down elementor-widget elementor-widget-polylang-language-switcher\" data-id=\"58fec7e\" data-element_type=\"widget\" data-e-type=\"widget\" data-widget_type=\"polylang-language-switcher.default\">\n\t\t\t\t<div class=\"elementor-widget-container\">\n\t\t\t\t\t<nav class=\"cpel-switcher__nav\"><div class=\"cpel-switcher__toggle cpel-switcher__lang\" onclick=\"this.classList.toggle('cpel-switcher__toggle--on')\"><a lang=\"de-DE\" hreflang=\"de-DE\" href=\"https:\/\/www.funding.smartvote.ch\/\"><span class=\"cpel-switcher__name\">Deutsch<\/span><i class=\"cpel-switcher__icon fas fa-caret-down\" aria-hidden=\"true\"><\/i><\/a><\/div><ul class=\"cpel-switcher__list\"><li class=\"cpel-switcher__lang\"><a lang=\"fr-FR\" hreflang=\"fr-FR\" href=\"https:\/\/www.funding.smartvote.ch\/?lang=fr\"><span class=\"cpel-switcher__name\">Fran\u00e7ais<\/span><\/a><\/li><\/ul><\/nav>\t\t\t\t<\/div>\n\t\t\t\t<\/div>\n\t\t\t\t\t<\/div>\n\t\t<\/div>\n\t\t\t\t\t<\/div>\n\t\t<\/section>\n\t\t\t\t\t<\/div>\n\t\t<\/div>\n\t\t\t\t\t<\/div>\n\t\t<\/section>\n\t\t\t\t<header class=\"elementor-section elementor-top-section elementor-element elementor-element-4cfc5277 elementor-section-height-min-height elementor-section-items-top elementor-section-boxed elementor-section-height-default\" data-id=\"4cfc5277\" data-element_type=\"section\" data-e-type=\"section\" data-settings=\"{&quot;background_background&quot;:&quot;classic&quot;,&quot;shape_divider_bottom&quot;:&quot;tilt&quot;}\">\n\t\t\t\t\t\t\t<div class=\"elementor-background-overlay\"><\/div>\n\t\t\t\t\t\t<div class=\"elementor-shape elementor-shape-bottom\" aria-hidden=\"true\" data-negative=\"false\">\n\t\t\t<svg xmlns=\"http:\/\/www.w3.org\/2000\/svg\" viewBox=\"0 0 1000 100\" preserveAspectRatio=\"none\">\n\t<path class=\"elementor-shape-fill\" d=\"M0,6V0h1000v100L0,6z\"\/>\n<\/svg>\t\t<\/div>\n\t\t\t\t\t<div class=\"elementor-container elementor-column-gap-wider\">\n\t\t\t\t\t\t<\/div>\n\t\t<\/header>\n\t\t\t\t<section class=\"elementor-section elementor-top-section elementor-element elementor-element-754f7e4e elementor-section-boxed elementor-section-height-default elementor-section-height-default\" data-id=\"754f7e4e\" data-element_type=\"section\" data-e-type=\"section\" data-settings=\"{&quot;background_background&quot;:&quot;classic&quot;}\">\n\t\t\t\t\t\t<div class=\"elementor-container elementor-column-gap-wider\">\n\t\t\t\t\t\t<\/div>\n\t\t<\/section>\n\t\t\t\t<section class=\"elementor-section elementor-top-section elementor-element elementor-element-50c90fa0 elementor-section-boxed elementor-section-height-default elementor-section-height-default\" data-id=\"50c90fa0\" data-element_type=\"section\" data-e-type=\"section\">\n\t\t\t\t\t\t<div class=\"elementor-container elementor-column-gap-default\">\n\t\t\t\t\t<div class=\"elementor-column elementor-col-100 elementor-top-column elementor-element elementor-element-39dbe129\" data-id=\"39dbe129\" data-element_type=\"column\" data-e-type=\"column\">\n\t\t\t<div class=\"elementor-widget-wrap elementor-element-populated\">\n\t\t\t\t\t\t\t<\/div>\n\t\t<\/div>\n\t\t\t\t\t<\/div>\n\t\t<\/section>\n\t\t\t\t<section class=\"elementor-section elementor-top-section elementor-element elementor-element-a8f630a elementor-section-boxed elementor-section-height-default elementor-section-height-default\" data-id=\"a8f630a\" data-element_type=\"section\" data-e-type=\"section\" data-settings=\"{&quot;background_background&quot;:&quot;classic&quot;,&quot;shape_divider_top&quot;:&quot;tilt&quot;,&quot;shape_divider_bottom&quot;:&quot;tilt&quot;}\">\n\t\t\t\t\t\t\t<div class=\"elementor-background-overlay\"><\/div>\n\t\t\t\t\t\t<div class=\"elementor-shape elementor-shape-top\" aria-hidden=\"true\" data-negative=\"false\">\n\t\t\t<svg xmlns=\"http:\/\/www.w3.org\/2000\/svg\" viewBox=\"0 0 1000 100\" preserveAspectRatio=\"none\">\n\t<path class=\"elementor-shape-fill\" d=\"M0,6V0h1000v100L0,6z\"\/>\n<\/svg>\t\t<\/div>\n\t\t\t\t<div class=\"elementor-shape elementor-shape-bottom\" aria-hidden=\"true\" data-negative=\"false\">\n\t\t\t<svg xmlns=\"http:\/\/www.w3.org\/2000\/svg\" viewBox=\"0 0 1000 100\" preserveAspectRatio=\"none\">\n\t<path class=\"elementor-shape-fill\" d=\"M0,6V0h1000v100L0,6z\"\/>\n<\/svg>\t\t<\/div>\n\t\t\t\t\t<div class=\"elementor-container elementor-column-gap-wider\">\n\t\t\t\t\t\t<\/div>\n\t\t<\/section>\n\t\t\t\t<section class=\"elementor-section elementor-top-section elementor-element elementor-element-c70b5d8 elementor-section-boxed elementor-section-height-default elementor-section-height-default\" data-id=\"c70b5d8\" data-element_type=\"section\" data-e-type=\"section\" data-settings=\"{&quot;background_background&quot;:&quot;classic&quot;}\">\n\t\t\t\t\t\t<div class=\"elementor-container elementor-column-gap-wider\">\n\t\t\t\t\t<div class=\"elementor-column elementor-col-100 elementor-top-column elementor-element elementor-element-57d07923\" data-id=\"57d07923\" data-element_type=\"column\" data-e-type=\"column\" data-settings=\"{&quot;background_background&quot;:&quot;classic&quot;}\">\n\t\t\t<div class=\"elementor-widget-wrap elementor-element-populated\">\n\t\t\t\t\t\t<div class=\"elementor-element elementor-element-40b68e53 elementor-widget elementor-widget-menu-anchor\" data-id=\"40b68e53\" data-element_type=\"widget\" data-e-type=\"widget\" data-widget_type=\"menu-anchor.default\">\n\t\t\t\t<div class=\"elementor-widget-container\">\n\t\t\t\t\t\t\t<div class=\"elementor-menu-anchor\" id=\"Module\"><\/div>\n\t\t\t\t\t\t<\/div>\n\t\t\t\t<\/div>\n\t\t\t\t<section class=\"elementor-section elementor-inner-section elementor-element elementor-element-1d6838d7 elementor-section-boxed elementor-section-height-default elementor-section-height-default\" data-id=\"1d6838d7\" data-element_type=\"section\" data-e-type=\"section\">\n\t\t\t\t\t\t<div class=\"elementor-container elementor-column-gap-default\">\n\t\t\t\t\t<div class=\"elementor-column elementor-col-100 elementor-inner-column elementor-element elementor-element-54bd596a elementor-invisible\" data-id=\"54bd596a\" data-element_type=\"column\" data-e-type=\"column\" data-settings=\"{&quot;animation&quot;:&quot;fadeIn&quot;}\">\n\t\t\t<div class=\"elementor-widget-wrap\">\n\t\t\t\t\t\t\t<\/div>\n\t\t<\/div>\n\t\t\t\t\t<\/div>\n\t\t<\/section>\n\t\t\t\t\t<\/div>\n\t\t<\/div>\n\t\t\t\t\t<\/div>\n\t\t<\/section>\n\t\t\t\t<section class=\"elementor-section elementor-top-section elementor-element elementor-element-3676d3db elementor-section-boxed elementor-section-height-default elementor-section-height-default\" data-id=\"3676d3db\" data-element_type=\"section\" data-e-type=\"section\" data-settings=\"{&quot;background_background&quot;:&quot;classic&quot;}\">\n\t\t\t\t\t\t<div class=\"elementor-container elementor-column-gap-wider\">\n\t\t\t\t\t\t<\/div>\n\t\t<\/section>\n\t\t\t\t<section class=\"elementor-section elementor-top-section elementor-element elementor-element-3774c94c elementor-section-boxed elementor-section-height-default elementor-section-height-default\" data-id=\"3774c94c\" data-element_type=\"section\" data-e-type=\"section\" data-settings=\"{&quot;background_background&quot;:&quot;classic&quot;,&quot;shape_divider_top&quot;:&quot;tilt&quot;,&quot;shape_divider_bottom&quot;:&quot;tilt&quot;}\">\n\t\t\t\t\t\t\t<div class=\"elementor-background-overlay\"><\/div>\n\t\t\t\t\t\t<div class=\"elementor-shape elementor-shape-top\" aria-hidden=\"true\" data-negative=\"false\">\n\t\t\t<svg xmlns=\"http:\/\/www.w3.org\/2000\/svg\" viewBox=\"0 0 1000 100\" preserveAspectRatio=\"none\">\n\t<path class=\"elementor-shape-fill\" d=\"M0,6V0h1000v100L0,6z\"\/>\n<\/svg>\t\t<\/div>\n\t\t\t\t<div class=\"elementor-shape elementor-shape-bottom\" aria-hidden=\"true\" data-negative=\"false\">\n\t\t\t<svg xmlns=\"http:\/\/www.w3.org\/2000\/svg\" viewBox=\"0 0 1000 100\" preserveAspectRatio=\"none\">\n\t<path class=\"elementor-shape-fill\" d=\"M0,6V0h1000v100L0,6z\"\/>\n<\/svg>\t\t<\/div>\n\t\t\t\t\t<div class=\"elementor-container elementor-column-gap-wider\">\n\t\t\t\t\t<div class=\"elementor-column elementor-col-100 elementor-top-column elementor-element elementor-element-668f4ac7\" data-id=\"668f4ac7\" data-element_type=\"column\" data-e-type=\"column\">\n\t\t\t<div class=\"elementor-widget-wrap\">\n\t\t\t\t\t\t\t<\/div>\n\t\t<\/div>\n\t\t\t\t\t<\/div>\n\t\t<\/section>\n\t\t\t\t<section class=\"elementor-section elementor-top-section elementor-element elementor-element-82c9c2a elementor-section-boxed elementor-section-height-default elementor-section-height-default\" data-id=\"82c9c2a\" data-element_type=\"section\" data-e-type=\"section\">\n\t\t\t\t\t\t<div class=\"elementor-container elementor-column-gap-default\">\n\t\t\t\t\t<div class=\"elementor-column elementor-col-100 elementor-top-column elementor-element elementor-element-a3d3d36\" data-id=\"a3d3d36\" data-element_type=\"column\" data-e-type=\"column\">\n\t\t\t<div class=\"elementor-widget-wrap elementor-element-populated\">\n\t\t\t\t\t\t\t<\/div>\n\t\t<\/div>\n\t\t\t\t\t<\/div>\n\t\t<\/section>\n\t\t\t\t<\/div>\n\t\t","protected":false},"excerpt":{"rendered":"<p>Cliquez ici pour acc\u00e9der au site web smartvote Fran\u00e7ais Deutsch Crowdfunding \u00c0 partir de 2026, smartvote disposera d&#8217;un nouveau site web avec de nouvelles fonctionnalit\u00e9s et des performances am\u00e9lior\u00e9es. Modules Informations Soutenez-nous ! Ensemble, nous rendons smartvote encore plus moderne, inclusif et fiable \u2013 pour une d\u00e9mocratie vivante. CHF 65&#8217;000 financ\u00e9 \u00e0 hauteur de CHF [&hellip;]<\/p>\n","protected":false},"author":1,"featured_media":0,"parent":0,"menu_order":0,"comment_status":"closed","ping_status":"closed","template":"","meta":{"footnotes":""},"class_list":["post-1359","page","type-page","status-publish","hentry"],"yoast_head":"<!-- This site is optimized with the Yoast SEO plugin v27.5 - https:\/\/yoast.com\/product\/yoast-seo-wordpress\/ -->\n<title>Crowdfunding - Fran\u00e7ais &#8211; smartvote Crowdfunding<\/title>\n<meta name=\"description\" content=\"\u00c0 partir de 2026, smartvote disposera d&#039;un nouveau site web avec de nouvelles fonctionnalit\u00e9s et des performances am\u00e9lior\u00e9es.\" \/>\n<meta name=\"robots\" content=\"index, follow, max-snippet:-1, max-image-preview:large, max-video-preview:-1\" \/>\n<link rel=\"canonical\" href=\"https:\/\/www.funding.smartvote.ch\/?lang=fr\" \/>\n<meta property=\"og:locale\" content=\"de_DE\" \/>\n<meta property=\"og:type\" content=\"article\" \/>\n<meta property=\"og:title\" content=\"smartvote Crowdfunding\" \/>\n<meta property=\"og:description\" content=\"Ensemble, nous rendons smartvote encore plus moderne, inclusif et fiable \u2013 pour une d\u00e9mocratie vivante.\" \/>\n<meta property=\"og:url\" content=\"https:\/\/www.funding.smartvote.ch\/?lang=fr\" \/>\n<meta property=\"og:site_name\" content=\"smartvote Crowdfunding\" \/>\n<meta property=\"article:publisher\" content=\"https:\/\/www.facebook.com\/smartvote.ch\" \/>\n<meta property=\"article:modified_time\" content=\"2025-11-27T09:51:44+00:00\" \/>\n<meta property=\"og:image\" content=\"https:\/\/www.funding.smartvote.ch\/wp-content\/uploads\/2025\/10\/Startbild-crowdfunding-2025-FR_klein.jpg\" \/>\n\t<meta property=\"og:image:width\" content=\"986\" \/>\n\t<meta property=\"og:image:height\" content=\"640\" \/>\n\t<meta property=\"og:image:type\" content=\"image\/jpeg\" \/>\n<meta name=\"twitter:card\" content=\"summary_large_image\" \/>\n<meta name=\"twitter:title\" content=\"smartvote Crowdfunding\" \/>\n<meta name=\"twitter:description\" content=\"Ensemble, nous rendons smartvote encore plus moderne, inclusif et fiable \u2013 pour une d\u00e9mocratie vivante.\" \/>\n<meta name=\"twitter:image\" content=\"https:\/\/www.funding.smartvote.ch\/wp-content\/uploads\/2025\/10\/Startbild-crowdfunding-2025-FR_klein.jpg\" \/>\n<meta name=\"twitter:site\" content=\"@smartvoteCH\" \/>\n<meta name=\"twitter:label1\" content=\"Gesch\u00e4tzte Lesezeit\" \/>\n\t<meta name=\"twitter:data1\" content=\"7\u00a0Minuten\" \/>\n<script type=\"application\/ld+json\" class=\"yoast-schema-graph\">{\"@context\":\"https:\\\/\\\/schema.org\",\"@graph\":[{\"@type\":\"WebPage\",\"@id\":\"https:\\\/\\\/www.funding.smartvote.ch\\\/?lang=fr\",\"url\":\"https:\\\/\\\/www.funding.smartvote.ch\\\/?lang=fr\",\"name\":\"Crowdfunding - Fran\u00e7ais &#8211; smartvote Crowdfunding\",\"isPartOf\":{\"@id\":\"https:\\\/\\\/www.funding.smartvote.ch\\\/#website\"},\"primaryImageOfPage\":{\"@id\":\"https:\\\/\\\/www.funding.smartvote.ch\\\/?lang=fr#primaryimage\"},\"image\":{\"@id\":\"https:\\\/\\\/www.funding.smartvote.ch\\\/?lang=fr#primaryimage\"},\"thumbnailUrl\":\"https:\\\/\\\/www.funding.smartvote.ch\\\/wp-content\\\/uploads\\\/2025\\\/07\\\/Logo_2025_weisse-Schrift-300x76.png\",\"datePublished\":\"2025-09-01T12:50:38+00:00\",\"dateModified\":\"2025-11-27T09:51:44+00:00\",\"description\":\"\u00c0 partir de 2026, smartvote disposera d'un nouveau site web avec de nouvelles fonctionnalit\u00e9s et des performances am\u00e9lior\u00e9es.\",\"breadcrumb\":{\"@id\":\"https:\\\/\\\/www.funding.smartvote.ch\\\/?lang=fr#breadcrumb\"},\"inLanguage\":\"de\",\"potentialAction\":[{\"@type\":\"ReadAction\",\"target\":[\"https:\\\/\\\/www.funding.smartvote.ch\\\/?lang=fr\"]}]},{\"@type\":\"ImageObject\",\"inLanguage\":\"de\",\"@id\":\"https:\\\/\\\/www.funding.smartvote.ch\\\/?lang=fr#primaryimage\",\"url\":\"https:\\\/\\\/www.funding.smartvote.ch\\\/wp-content\\\/uploads\\\/2025\\\/07\\\/Logo_2025_weisse-Schrift.png\",\"contentUrl\":\"https:\\\/\\\/www.funding.smartvote.ch\\\/wp-content\\\/uploads\\\/2025\\\/07\\\/Logo_2025_weisse-Schrift.png\",\"width\":2185,\"height\":550},{\"@type\":\"BreadcrumbList\",\"@id\":\"https:\\\/\\\/www.funding.smartvote.ch\\\/?lang=fr#breadcrumb\",\"itemListElement\":[{\"@type\":\"ListItem\",\"position\":1,\"name\":\"Startseite\",\"item\":\"https:\\\/\\\/www.funding.smartvote.ch\\\/\"},{\"@type\":\"ListItem\",\"position\":2,\"name\":\"Crowdfunding &#8211; Fran\u00e7ais\"}]},{\"@type\":\"WebSite\",\"@id\":\"https:\\\/\\\/www.funding.smartvote.ch\\\/#website\",\"url\":\"https:\\\/\\\/www.funding.smartvote.ch\\\/\",\"name\":\"smartvote Crowdfunding\",\"description\":\"Jetzt unterst\u00fctzen!\",\"publisher\":{\"@id\":\"https:\\\/\\\/www.funding.smartvote.ch\\\/#organization\"},\"alternateName\":\"funding smartvote\",\"potentialAction\":[{\"@type\":\"SearchAction\",\"target\":{\"@type\":\"EntryPoint\",\"urlTemplate\":\"https:\\\/\\\/www.funding.smartvote.ch\\\/?s={search_term_string}\"},\"query-input\":{\"@type\":\"PropertyValueSpecification\",\"valueRequired\":true,\"valueName\":\"search_term_string\"}}],\"inLanguage\":\"de\"},{\"@type\":\"Organization\",\"@id\":\"https:\\\/\\\/www.funding.smartvote.ch\\\/#organization\",\"name\":\"smartvote Crowdfunding\",\"url\":\"https:\\\/\\\/www.funding.smartvote.ch\\\/\",\"logo\":{\"@type\":\"ImageObject\",\"inLanguage\":\"de\",\"@id\":\"https:\\\/\\\/www.funding.smartvote.ch\\\/#\\\/schema\\\/logo\\\/image\\\/\",\"url\":\"https:\\\/\\\/www.funding.smartvote.ch\\\/wp-content\\\/uploads\\\/2025\\\/07\\\/Logo_2025-1.png\",\"contentUrl\":\"https:\\\/\\\/www.funding.smartvote.ch\\\/wp-content\\\/uploads\\\/2025\\\/07\\\/Logo_2025-1.png\",\"width\":397,\"height\":100,\"caption\":\"smartvote Crowdfunding\"},\"image\":{\"@id\":\"https:\\\/\\\/www.funding.smartvote.ch\\\/#\\\/schema\\\/logo\\\/image\\\/\"},\"sameAs\":[\"https:\\\/\\\/www.facebook.com\\\/smartvote.ch\",\"https:\\\/\\\/x.com\\\/smartvoteCH\",\"https:\\\/\\\/www.linkedin.com\\\/company\\\/smartvote\\\/\",\"https:\\\/\\\/www.instagram.com\\\/smartvote\\\/\"]}]}<\/script>\n<!-- \/ Yoast SEO plugin. -->","yoast_head_json":{"title":"Crowdfunding - Fran\u00e7ais &#8211; smartvote Crowdfunding","description":"\u00c0 partir de 2026, smartvote disposera d'un nouveau site web avec de nouvelles fonctionnalit\u00e9s et des performances am\u00e9lior\u00e9es.","robots":{"index":"index","follow":"follow","max-snippet":"max-snippet:-1","max-image-preview":"max-image-preview:large","max-video-preview":"max-video-preview:-1"},"canonical":"https:\/\/www.funding.smartvote.ch\/?lang=fr","og_locale":"de_DE","og_type":"article","og_title":"smartvote Crowdfunding","og_description":"Ensemble, nous rendons smartvote encore plus moderne, inclusif et fiable \u2013 pour une d\u00e9mocratie vivante.","og_url":"https:\/\/www.funding.smartvote.ch\/?lang=fr","og_site_name":"smartvote Crowdfunding","article_publisher":"https:\/\/www.facebook.com\/smartvote.ch","article_modified_time":"2025-11-27T09:51:44+00:00","og_image":[{"width":986,"height":640,"url":"https:\/\/www.funding.smartvote.ch\/wp-content\/uploads\/2025\/10\/Startbild-crowdfunding-2025-FR_klein.jpg","type":"image\/jpeg"}],"twitter_card":"summary_large_image","twitter_title":"smartvote Crowdfunding","twitter_description":"Ensemble, nous rendons smartvote encore plus moderne, inclusif et fiable \u2013 pour une d\u00e9mocratie vivante.","twitter_image":"https:\/\/www.funding.smartvote.ch\/wp-content\/uploads\/2025\/10\/Startbild-crowdfunding-2025-FR_klein.jpg","twitter_site":"@smartvoteCH","twitter_misc":{"Gesch\u00e4tzte Lesezeit":"7\u00a0Minuten"},"schema":{"@context":"https:\/\/schema.org","@graph":[{"@type":"WebPage","@id":"https:\/\/www.funding.smartvote.ch\/?lang=fr","url":"https:\/\/www.funding.smartvote.ch\/?lang=fr","name":"Crowdfunding - Fran\u00e7ais &#8211; smartvote Crowdfunding","isPartOf":{"@id":"https:\/\/www.funding.smartvote.ch\/#website"},"primaryImageOfPage":{"@id":"https:\/\/www.funding.smartvote.ch\/?lang=fr#primaryimage"},"image":{"@id":"https:\/\/www.funding.smartvote.ch\/?lang=fr#primaryimage"},"thumbnailUrl":"https:\/\/www.funding.smartvote.ch\/wp-content\/uploads\/2025\/07\/Logo_2025_weisse-Schrift-300x76.png","datePublished":"2025-09-01T12:50:38+00:00","dateModified":"2025-11-27T09:51:44+00:00","description":"\u00c0 partir de 2026, smartvote disposera d'un nouveau site web avec de nouvelles fonctionnalit\u00e9s et des performances am\u00e9lior\u00e9es.","breadcrumb":{"@id":"https:\/\/www.funding.smartvote.ch\/?lang=fr#breadcrumb"},"inLanguage":"de","potentialAction":[{"@type":"ReadAction","target":["https:\/\/www.funding.smartvote.ch\/?lang=fr"]}]},{"@type":"ImageObject","inLanguage":"de","@id":"https:\/\/www.funding.smartvote.ch\/?lang=fr#primaryimage","url":"https:\/\/www.funding.smartvote.ch\/wp-content\/uploads\/2025\/07\/Logo_2025_weisse-Schrift.png","contentUrl":"https:\/\/www.funding.smartvote.ch\/wp-content\/uploads\/2025\/07\/Logo_2025_weisse-Schrift.png","width":2185,"height":550},{"@type":"BreadcrumbList","@id":"https:\/\/www.funding.smartvote.ch\/?lang=fr#breadcrumb","itemListElement":[{"@type":"ListItem","position":1,"name":"Startseite","item":"https:\/\/www.funding.smartvote.ch\/"},{"@type":"ListItem","position":2,"name":"Crowdfunding &#8211; Fran\u00e7ais"}]},{"@type":"WebSite","@id":"https:\/\/www.funding.smartvote.ch\/#website","url":"https:\/\/www.funding.smartvote.ch\/","name":"smartvote Crowdfunding","description":"Jetzt unterst\u00fctzen!","publisher":{"@id":"https:\/\/www.funding.smartvote.ch\/#organization"},"alternateName":"funding smartvote","potentialAction":[{"@type":"SearchAction","target":{"@type":"EntryPoint","urlTemplate":"https:\/\/www.funding.smartvote.ch\/?s={search_term_string}"},"query-input":{"@type":"PropertyValueSpecification","valueRequired":true,"valueName":"search_term_string"}}],"inLanguage":"de"},{"@type":"Organization","@id":"https:\/\/www.funding.smartvote.ch\/#organization","name":"smartvote Crowdfunding","url":"https:\/\/www.funding.smartvote.ch\/","logo":{"@type":"ImageObject","inLanguage":"de","@id":"https:\/\/www.funding.smartvote.ch\/#\/schema\/logo\/image\/","url":"https:\/\/www.funding.smartvote.ch\/wp-content\/uploads\/2025\/07\/Logo_2025-1.png","contentUrl":"https:\/\/www.funding.smartvote.ch\/wp-content\/uploads\/2025\/07\/Logo_2025-1.png","width":397,"height":100,"caption":"smartvote Crowdfunding"},"image":{"@id":"https:\/\/www.funding.smartvote.ch\/#\/schema\/logo\/image\/"},"sameAs":["https:\/\/www.facebook.com\/smartvote.ch","https:\/\/x.com\/smartvoteCH","https:\/\/www.linkedin.com\/company\/smartvote\/","https:\/\/www.instagram.com\/smartvote\/"]}]}},"_links":{"self":[{"href":"https:\/\/www.funding.smartvote.ch\/index.php?rest_route=\/wp\/v2\/pages\/1359","targetHints":{"allow":["GET"]}}],"collection":[{"href":"https:\/\/www.funding.smartvote.ch\/index.php?rest_route=\/wp\/v2\/pages"}],"about":[{"href":"https:\/\/www.funding.smartvote.ch\/index.php?rest_route=\/wp\/v2\/types\/page"}],"author":[{"embeddable":true,"href":"https:\/\/www.funding.smartvote.ch\/index.php?rest_route=\/wp\/v2\/users\/1"}],"replies":[{"embeddable":true,"href":"https:\/\/www.funding.smartvote.ch\/index.php?rest_route=%2Fwp%2Fv2%2Fcomments&post=1359"}],"version-history":[{"count":316,"href":"https:\/\/www.funding.smartvote.ch\/index.php?rest_route=\/wp\/v2\/pages\/1359\/revisions"}],"predecessor-version":[{"id":2056,"href":"https:\/\/www.funding.smartvote.ch\/index.php?rest_route=\/wp\/v2\/pages\/1359\/revisions\/2056"}],"wp:attachment":[{"href":"https:\/\/www.funding.smartvote.ch\/index.php?rest_route=%2Fwp%2Fv2%2Fmedia&parent=1359"}],"curies":[{"name":"wp","href":"https:\/\/api.w.org\/{rel}","templated":true}]}}